{"id":150,"date":"2019-11-06T11:01:05","date_gmt":"2019-11-06T11:01:05","guid":{"rendered":"http:\/\/antoniaschwingel.de\/?page_id=150"},"modified":"2022-10-26T15:27:56","modified_gmt":"2022-10-26T15:27:56","slug":"hoerproben","status":"publish","type":"page","link":"https:\/\/antoniaschwingel.de\/?page_id=150","title":{"rendered":"H\u00f6rproben"},"content":{"rendered":"\n<figure class=\"wp-block-image alignwide size-large\"><img loading=\"lazy\" decoding=\"async\" width=\"1024\" height=\"400\" src=\"http:\/\/antoniaschwingel.de\/wp-content\/uploads\/2021\/01\/antonia.schwingel.header.hoerprobe3-1.jpg\" alt=\"\" class=\"wp-image-1125\" srcset=\"https:\/\/antoniaschwingel.de\/wp-content\/uploads\/2021\/01\/antonia.schwingel.header.hoerprobe3-1.jpg 1024w, https:\/\/antoniaschwingel.de\/wp-content\/uploads\/2021\/01\/antonia.schwingel.header.hoerprobe3-1-300x117.jpg 300w, https:\/\/antoniaschwingel.de\/wp-content\/uploads\/2021\/01\/antonia.schwingel.header.hoerprobe3-1-768x300.jpg 768w\" sizes=\"auto, (max-width: 1024px) 100vw, 1024px\" \/><\/figure>\n\n\n\n<div style=\"height:20px\" aria-hidden=\"true\" class=\"wp-block-spacer\"><\/div>\n\n\n\n<h1 class=\"has-text-align-center wp-block-heading\">Filme und H\u00f6rproben<\/h1>\n\n\n\n<div style=\"height:100px\" aria-hidden=\"true\" class=\"wp-block-spacer\"><\/div>\n\n\n\n<h2 class=\"has-text-align-center wp-block-heading\">Zur\u00fccklehnen und reinschauen:<\/h2>\n\n\n\n<div style=\"height:50px\" aria-hidden=\"true\" class=\"wp-block-spacer\"><\/div>\n\n\n<div class=\"wp-block-image\">\n<figure class=\"aligncenter size-full is-resized\"><img loading=\"lazy\" decoding=\"async\" src=\"https:\/\/antoniaschwingel.de\/wp-content\/uploads\/2022\/03\/youtube.png\" alt=\"\" class=\"wp-image-1509\" width=\"197\" height=\"45\" srcset=\"https:\/\/antoniaschwingel.de\/wp-content\/uploads\/2022\/03\/youtube.png 524w, https:\/\/antoniaschwingel.de\/wp-content\/uploads\/2022\/03\/youtube-300x69.png 300w\" sizes=\"auto, (max-width: 197px) 100vw, 197px\" \/><\/figure>\n<\/div>\n\n\n<h2 class=\"has-text-align-center wp-block-heading\">Antonia Schwingel &#8211; Videos bei YouTube<\/h2>\n\n\n\n<h4 class=\"has-text-align-center wp-block-heading\">Diese Website enth\u00e4lt Verkn\u00fcpfungen zu Websites Dritter (\u201eexterne Links\u201c). <br>Diese Websites unterliegen der Haftung und dem Datenschutz der jeweiligen Betreiber. <br><br>Nach dem anklicken der Verlinkungen gelten die Datenschutzrichtlinien von YouTube. <\/h4>\n\n\n\n<div style=\"height:20px\" aria-hidden=\"true\" class=\"wp-block-spacer\"><\/div>\n\n\n\n<figure class=\"wp-block-gallery has-nested-images columns-default is-cropped wp-block-gallery-1 is-layout-flex wp-block-gallery-is-layout-flex\">\n<figure class=\"wp-block-image size-large\"><img loading=\"lazy\" decoding=\"async\" width=\"1024\" height=\"575\" data-id=\"1680\" src=\"https:\/\/antoniaschwingel.de\/wp-content\/uploads\/2022\/10\/film_monolog_mussezeit-1024x575.jpg\" alt=\"\" class=\"wp-image-1680\" srcset=\"https:\/\/antoniaschwingel.de\/wp-content\/uploads\/2022\/10\/film_monolog_mussezeit-1024x575.jpg 1024w, https:\/\/antoniaschwingel.de\/wp-content\/uploads\/2022\/10\/film_monolog_mussezeit-300x168.jpg 300w, https:\/\/antoniaschwingel.de\/wp-content\/uploads\/2022\/10\/film_monolog_mussezeit-768x431.jpg 768w, https:\/\/antoniaschwingel.de\/wp-content\/uploads\/2022\/10\/film_monolog_mussezeit.jpg 1211w\" sizes=\"auto, (max-width: 1024px) 100vw, 1024px\" \/><figcaption><a href=\"https:\/\/www.youtube.com\/watch?v=VR0hyx5lVKY\" target=\"_blank\" rel=\"noreferrer noopener\">Monolog &#8222;Mu\u00dfezeit&#8220;<\/a><\/figcaption><\/figure>\n\n\n\n<figure class=\"wp-block-image size-full\"><img loading=\"lazy\" decoding=\"async\" width=\"900\" height=\"600\" data-id=\"1679\" src=\"https:\/\/antoniaschwingel.de\/wp-content\/uploads\/2022\/10\/film_meangirls.jpg\" alt=\"\" class=\"wp-image-1679\" srcset=\"https:\/\/antoniaschwingel.de\/wp-content\/uploads\/2022\/10\/film_meangirls.jpg 900w, https:\/\/antoniaschwingel.de\/wp-content\/uploads\/2022\/10\/film_meangirls-300x200.jpg 300w, https:\/\/antoniaschwingel.de\/wp-content\/uploads\/2022\/10\/film_meangirls-768x512.jpg 768w\" sizes=\"auto, (max-width: 900px) 100vw, 900px\" \/><figcaption><a href=\"https:\/\/www.youtube.com\/watch?v=rgrQqGviXXA\" target=\"_blank\" rel=\"noreferrer noopener\">Stupid With Love Mean Girls<\/a><\/figcaption><\/figure>\n\n\n\n<figure class=\"wp-block-image size-full\"><img loading=\"lazy\" decoding=\"async\" width=\"900\" height=\"600\" data-id=\"1675\" src=\"https:\/\/antoniaschwingel.de\/wp-content\/uploads\/2022\/10\/film_breathe.jpg\" alt=\"\" class=\"wp-image-1675\" srcset=\"https:\/\/antoniaschwingel.de\/wp-content\/uploads\/2022\/10\/film_breathe.jpg 900w, https:\/\/antoniaschwingel.de\/wp-content\/uploads\/2022\/10\/film_breathe-300x200.jpg 300w, https:\/\/antoniaschwingel.de\/wp-content\/uploads\/2022\/10\/film_breathe-768x512.jpg 768w\" sizes=\"auto, (max-width: 900px) 100vw, 900px\" \/><figcaption><a href=\"https:\/\/www.youtube.com\/watch?v=rN8P0Mipm8s\" target=\"_blank\" rel=\"noreferrer noopener\">BREATHE In The Heights<\/a><\/figcaption><\/figure>\n\n\n\n<figure class=\"wp-block-image size-full\"><img loading=\"lazy\" decoding=\"async\" width=\"900\" height=\"600\" data-id=\"1676\" src=\"https:\/\/antoniaschwingel.de\/wp-content\/uploads\/2022\/10\/film_dracula.jpg\" alt=\"\" class=\"wp-image-1676\" srcset=\"https:\/\/antoniaschwingel.de\/wp-content\/uploads\/2022\/10\/film_dracula.jpg 900w, https:\/\/antoniaschwingel.de\/wp-content\/uploads\/2022\/10\/film_dracula-300x200.jpg 300w, https:\/\/antoniaschwingel.de\/wp-content\/uploads\/2022\/10\/film_dracula-768x512.jpg 768w\" sizes=\"auto, (max-width: 900px) 100vw, 900px\" \/><figcaption><a rel=\"noreferrer noopener\" href=\"https:\/\/www.youtube.com\/watch?v=4uSVmFVI5pM\" target=\"_blank\">Lass mich Dich nicht Lieben &#8211; Dracula <\/a><\/figcaption><\/figure>\n\n\n\n<figure class=\"wp-block-image size-large\"><img loading=\"lazy\" decoding=\"async\" width=\"900\" height=\"600\" data-id=\"1570\" src=\"https:\/\/antoniaschwingel.de\/wp-content\/uploads\/2022\/03\/bildergalerie.antonia.schwingel.43.jpg\" alt=\"\" class=\"wp-image-1570\" srcset=\"https:\/\/antoniaschwingel.de\/wp-content\/uploads\/2022\/03\/bildergalerie.antonia.schwingel.43.jpg 900w, https:\/\/antoniaschwingel.de\/wp-content\/uploads\/2022\/03\/bildergalerie.antonia.schwingel.43-300x200.jpg 300w, https:\/\/antoniaschwingel.de\/wp-content\/uploads\/2022\/03\/bildergalerie.antonia.schwingel.43-768x512.jpg 768w\" sizes=\"auto, (max-width: 900px) 100vw, 900px\" \/><figcaption><a rel=\"noreferrer noopener\" href=\"https:\/\/www.youtube.com\/watch?v=FPBtGQ7kwh8\" target=\"_blank\"><strong>Harburger Kompendium, Obsessive Filmmakers (Ariadne)<\/strong><\/a><\/figcaption><\/figure>\n\n\n\n<figure class=\"wp-block-image size-full\"><img loading=\"lazy\" decoding=\"async\" width=\"900\" height=\"600\" data-id=\"1678\" src=\"https:\/\/antoniaschwingel.de\/wp-content\/uploads\/2022\/10\/film_everything.jpg\" alt=\"\" class=\"wp-image-1678\" srcset=\"https:\/\/antoniaschwingel.de\/wp-content\/uploads\/2022\/10\/film_everything.jpg 900w, https:\/\/antoniaschwingel.de\/wp-content\/uploads\/2022\/10\/film_everything-300x200.jpg 300w, https:\/\/antoniaschwingel.de\/wp-content\/uploads\/2022\/10\/film_everything-768x512.jpg 768w\" sizes=\"auto, (max-width: 900px) 100vw, 900px\" \/><figcaption><a href=\"https:\/\/www.youtube.com\/watch?v=wlonJqOCcmM\" target=\"_blank\" rel=\"noreferrer noopener\">EVERYTHING I KNOW In The Heights<\/a><\/figcaption><\/figure>\n\n\n\n<figure class=\"wp-block-image size-full\"><img loading=\"lazy\" decoding=\"async\" width=\"900\" height=\"600\" data-id=\"1677\" src=\"https:\/\/antoniaschwingel.de\/wp-content\/uploads\/2022\/10\/film_duta.jpg\" alt=\"\" class=\"wp-image-1677\" srcset=\"https:\/\/antoniaschwingel.de\/wp-content\/uploads\/2022\/10\/film_duta.jpg 900w, https:\/\/antoniaschwingel.de\/wp-content\/uploads\/2022\/10\/film_duta-300x200.jpg 300w, https:\/\/antoniaschwingel.de\/wp-content\/uploads\/2022\/10\/film_duta-768x512.jpg 768w\" sizes=\"auto, (max-width: 900px) 100vw, 900px\" \/><figcaption><a href=\"https:\/\/www.youtube.com\/watch?v=WVSe0G2m5N8\" target=\"_blank\" rel=\"noreferrer noopener\">Kresna Duta&#8216; &#8211; Wayang Orang, ein traditionelles javanischen Tanztheater<\/a><\/figcaption><\/figure>\n\n\n\n<figure class=\"wp-block-image size-full\"><img loading=\"lazy\" decoding=\"async\" width=\"900\" height=\"600\" data-id=\"1681\" src=\"https:\/\/antoniaschwingel.de\/wp-content\/uploads\/2022\/10\/film_paula.jpg\" alt=\"\" class=\"wp-image-1681\" srcset=\"https:\/\/antoniaschwingel.de\/wp-content\/uploads\/2022\/10\/film_paula.jpg 900w, https:\/\/antoniaschwingel.de\/wp-content\/uploads\/2022\/10\/film_paula-300x200.jpg 300w, https:\/\/antoniaschwingel.de\/wp-content\/uploads\/2022\/10\/film_paula-768x512.jpg 768w\" sizes=\"auto, (max-width: 900px) 100vw, 900px\" \/><figcaption><a href=\"https:\/\/www.youtube.com\/watch?v=x5KtUg5U6QY\" target=\"_blank\" rel=\"noreferrer noopener\">Monolog &#8222;PAULA&#8220;<\/a><\/figcaption><\/figure>\n<\/figure>\n\n\n\n<div style=\"height:100px\" aria-hidden=\"true\" class=\"wp-block-spacer\"><\/div>\n\n\n\n<h2 class=\"has-text-align-center wp-block-heading\">Oder hier reinh\u00f6ren:<\/h2>\n\n\n\n<div style=\"height:30px\" aria-hidden=\"true\" class=\"wp-block-spacer\"><\/div>\n\n\n\n<h3 class=\"wp-block-heading\">No One Else<\/h3>\n\n\n\n<figure class=\"wp-block-audio\"><audio controls src=\"https:\/\/antoniaschwingel.de\/wp-content\/uploads\/2021\/01\/No-One-Else-1.mp3\"><\/audio><\/figure>\n\n\n\n<div style=\"height:50px\" aria-hidden=\"true\" class=\"wp-block-spacer\"><\/div>\n\n\n\n<h3 class=\"wp-block-heading\">I Need More \u2013 Fly By Night<\/h3>\n\n\n\n<figure class=\"wp-block-audio\"><audio controls src=\"https:\/\/antoniaschwingel.de\/wp-content\/uploads\/2021\/01\/I-Need-More-Fly-By-Night.mp3\"><\/audio><\/figure>\n\n\n\n<div style=\"height:50px\" aria-hidden=\"true\" class=\"wp-block-spacer\"><\/div>\n\n\n\n<h3 class=\"wp-block-heading\">All That Matters<\/h3>\n\n\n\n<figure class=\"wp-block-audio\"><audio controls src=\"https:\/\/antoniaschwingel.de\/wp-content\/uploads\/2021\/01\/All-That-Matters.mp3\"><\/audio><\/figure>\n\n\n\n<div style=\"height:50px\" aria-hidden=\"true\" class=\"wp-block-spacer\"><\/div>\n\n\n\n<h3 class=\"wp-block-heading\">Burn Short<\/h3>\n\n\n\n<figure class=\"wp-block-audio\"><audio controls src=\"https:\/\/antoniaschwingel.de\/wp-content\/uploads\/2022\/03\/burn_short.mp3\"><\/audio><\/figure>\n\n\n\n<div style=\"height:50px\" aria-hidden=\"true\" class=\"wp-block-spacer\"><\/div>\n\n\n\n<h3 class=\"wp-block-heading\">Der n\u00e4chste Schritt (Frozen 2)<\/h3>\n\n\n\n<figure class=\"wp-block-audio\"><audio controls src=\"https:\/\/antoniaschwingel.de\/wp-content\/uploads\/2022\/03\/der_naechste_schritt.mp3\"><\/audio><\/figure>\n\n\n\n<div style=\"height:50px\" aria-hidden=\"true\" class=\"wp-block-spacer\"><\/div>\n\n\n\n<h3 class=\"wp-block-heading\">Gravity<\/h3>\n\n\n\n<figure class=\"wp-block-audio\"><audio controls src=\"https:\/\/antoniaschwingel.de\/wp-content\/uploads\/2022\/10\/Gravity_Antonia-Schwingel.mp3\"><\/audio><\/figure>\n\n\n\n<div style=\"height:100px\" aria-hidden=\"true\" class=\"wp-block-spacer\"><\/div>\n\n\n\n<h3 class=\"has-text-align-center wp-block-heading\">Bei Interesse an einem Casting oder anderen H\u00f6r-\/Sprechproben,<br>freue ich mich \u00fcber eine&nbsp;<a href=\"http:\/\/antoniaschwingel.de\/?page_id=137\">Kontaktaufnahme<\/a>.<\/h3>\n\n\n\n<div style=\"height:100px\" aria-hidden=\"true\" class=\"wp-block-spacer\"><\/div>\n","protected":false},"excerpt":{"rendered":"<p>Filme und H\u00f6rproben Zur\u00fccklehnen und reinschauen: Antonia Schwingel &#8211; Videos bei YouTube Diese Website enth\u00e4lt Verkn\u00fcpfungen zu Websites Dritter (\u201eexterne Links\u201c). Diese Websites unterliegen der [&hellip;]<\/p>\n","protected":false},"author":1,"featured_media":0,"parent":0,"menu_order":0,"comment_status":"closed","ping_status":"closed","template":"","meta":{"footnotes":""},"class_list":["post-150","page","type-page","status-publish","hentry"],"_links":{"self":[{"href":"https:\/\/antoniaschwingel.de\/index.php?rest_route=\/wp\/v2\/pages\/150","targetHints":{"allow":["GET"]}}],"collection":[{"href":"https:\/\/antoniaschwingel.de\/index.php?rest_route=\/wp\/v2\/pages"}],"about":[{"href":"https:\/\/antoniaschwingel.de\/index.php?rest_route=\/wp\/v2\/types\/page"}],"author":[{"embeddable":true,"href":"https:\/\/antoniaschwingel.de\/index.php?rest_route=\/wp\/v2\/users\/1"}],"replies":[{"embeddable":true,"href":"https:\/\/antoniaschwingel.de\/index.php?rest_route=%2Fwp%2Fv2%2Fcomments&post=150"}],"version-history":[{"count":157,"href":"https:\/\/antoniaschwingel.de\/index.php?rest_route=\/wp\/v2\/pages\/150\/revisions"}],"predecessor-version":[{"id":1790,"href":"https:\/\/antoniaschwingel.de\/index.php?rest_route=\/wp\/v2\/pages\/150\/revisions\/1790"}],"wp:attachment":[{"href":"https:\/\/antoniaschwingel.de\/index.php?rest_route=%2Fwp%2Fv2%2Fmedia&parent=150"}],"curies":[{"name":"wp","href":"https:\/\/api.w.org\/{rel}","templated":true}]}}