{"id":156,"date":"2019-11-06T11:04:49","date_gmt":"2019-11-06T11:04:49","guid":{"rendered":"http:\/\/antoniaschwingel.de\/?page_id=156"},"modified":"2022-10-26T15:37:44","modified_gmt":"2022-10-26T15:37:44","slug":"impressum","status":"publish","type":"page","link":"https:\/\/antoniaschwingel.de\/?page_id=156","title":{"rendered":"Impressum"},"content":{"rendered":"\n<h3 class=\"wp-block-heading\">Impressum<\/h3>\n\n\n\n<p>Informelles<\/p>\n\n\n\n<p>Antonia Schwingel<br>www.antoniaschwingel.de<br><br>St\u00fcbecker Weg 11<br>58675 Hemer<br>Telefon 0151\/61867023<br>tonischwingel@freenet.de<\/p>\n\n\n\n<p>Wirtschafts-Identifikationsnummer gem\u00e4\u00df \u00a7 139c Abgabenordnung: xxxxxx<\/p>\n\n\n\n<div style=\"height:50px\" aria-hidden=\"true\" class=\"wp-block-spacer\"><\/div>\n\n\n\n<p><strong>Disclaimer<\/strong><\/p>\n\n\n\n<p><strong>Haftungsausschluss f\u00fcr Inhalte und Verlinkung<\/strong><br>Alle Angaben und Daten wurden nach bestem Wissen erstellt, es wird jedoch keine Gew\u00e4hr f\u00fcr deren Vollst\u00e4ndigkeit und Richtigkeit \u00fcbernommen. Antonia Schwingel beh\u00e4lt sich das Recht vor, ohne vorherige Ank\u00fcndigung die bereitgestellten Informationen zu \u00e4ndern, zu erg\u00e4nzen oder zu entfernen. Verweise durch Hyperlinks auf Inhalte fremder Webseiten dienen lediglich der Information. Vor dem Einrichten des entsprechenden Verweises sind die Web-Seiten der anderen Anbieter mit gro\u00dfer Sorgfalt und nach bestem Wissen und Gewissen \u00fcberpr\u00fcft worden. Antonia Schwingel hat auf die aktuelle oder zuk\u00fcnftige Gestaltung und die Inhalte der verkn\u00fcpften Seiten keinerlei Einfluss. Daher distanziert sich Antonia Schwingel trotz regelm\u00e4\u00dfiger \u00dcberpr\u00fcfung der gesetzten Links hiermit ausdr\u00fccklich von allen Inhalten aller gelinkten Seiten. Jegliche Haftung im Zusammenhang mit der Nutzung der Informationen, der Links oder dem Vertrauen auf deren Richtigkeit wird somit ausgeschlossen. Falls in diesem Online-Auftritt auf Seiten verwiesen wird, deren Inhalt Anlass zur Beanstandung gibt, bitten wir um Hinweis an: Antonia Schwingel, St\u00fcbecker Weg 11, 58675 Hemer, Telefon 0151\/61867023, tonischwingel@freenet.de<\/p>\n\n\n\n<div style=\"height:10px\" aria-hidden=\"true\" class=\"wp-block-spacer\"><\/div>\n\n\n\n<p><strong>Urheberrechte<\/strong><br>Der gesamte Inhalt sowie die Struktur dieser Website (Texte, Bilder, Grafiken, Animationen, Filme, H\u00f6rproben) unterliegen dem Urheberrecht, das bei Antonia Schwingel liegt. Alle Rechte bleiben vorbehalten. Die Vervielf\u00e4ltigung im Wege des Herunterladens auf dauerhafte Datentr\u00e4ger und\/oder des Ausdrucks auf Papier sowie die Weiterverbreitung ist nur bez\u00fcglich solcher Materialien gestattet, bei denen hierzu ausdr\u00fccklich aufgefordert wird. Jede andere Nutzung des urheberrechtlich gesch\u00fctzten Materials ist ohne unsere schriftliche Genehmigung untersagt.<\/p>\n\n\n\n<div style=\"height:10px\" aria-hidden=\"true\" class=\"wp-block-spacer\"><\/div>\n\n\n\n<p><strong>Externe Links<\/strong><br>Diese Website enth\u00e4lt Verkn\u00fcpfungen zu Websites Dritter (\u201eexterne Links\u201c). Diese Websites unterliegen der Haftung der jeweiligen Betreiber. Der Anbieter hat bei der erstmaligen Verkn\u00fcpfung der externen Links die fremden Inhalte daraufhin \u00fcberpr\u00fcft, ob etwaige Rechtsverst\u00f6\u00dfe bestehen. Zu dem Zeitpunkt waren keine Rechtsverst\u00f6\u00dfe ersichtlich. Der Anbieter hat keinerlei Einfluss auf die aktuelle und zuk\u00fcnftige Gestaltung und auf die Inhalte der verkn\u00fcpften Seiten. Das Setzen von externen Links bedeutet nicht, dass sich der Anbieter die hinter dem Verweis oder Link liegenden Inhalte zu eigen macht. Eine st\u00e4ndige Kontrolle der externen Links ist f\u00fcr den Anbieter ohne konkrete Hinweise auf Rechtsverst\u00f6\u00dfe nicht zumutbar. Bei Kenntnis von Rechtsverst\u00f6\u00dfen werden jedoch derartige externe Links unverz\u00fcglich gel\u00f6scht.<\/p>\n\n\n\n<div style=\"height:10px\" aria-hidden=\"true\" class=\"wp-block-spacer\"><\/div>\n\n\n\n<p><strong>Bildnachweise<\/strong>:<br>Fotografien\/Portraits mit freundlicher Genehmigung durch:<br>Nils Rehm | Timo J\u00e4ger | Fabian Lang | Sebastian Kehn | Antje Schewe | Jennifer Wollny | Barbara Braun | Frank Schaub | Moritz Haase |  Sasha Ilushina<\/p>\n\n\n\n<p>Alle Show Bilder mit freundlicher Genehmigung der Verleiher.<\/p>\n\n\n\n<div style=\"height:10px\" aria-hidden=\"true\" class=\"wp-block-spacer\"><\/div>\n\n\n\n<p><strong>Anwendbares Recht<\/strong><br>Die rechtlichen Hinweise auf dieser Seite sowie alle Fragen und Streitigkeiten im Zusammenhang mit dieser Website unterliegen dem Recht der Bundesrepublik Deutschland.<\/p>\n\n\n\n<div style=\"height:10px\" aria-hidden=\"true\" class=\"wp-block-spacer\"><\/div>\n\n\n\n<p><strong>Gender-Hinweis<\/strong><br>Personenbezeichnungen erfolgen geschlechtsunabh\u00e4ngig und richten sich an alle Geschlechter.<\/p>\n\n\n\n<div style=\"height:20px\" aria-hidden=\"true\" class=\"wp-block-spacer\"><\/div>\n\n\n\n<p>Hemer, Januar 2022<\/p>\n\n\n\n<div style=\"height:80px\" aria-hidden=\"true\" class=\"wp-block-spacer\"><\/div>\n","protected":false},"excerpt":{"rendered":"<p>Impressum Informelles Antonia Schwingelwww.antoniaschwingel.de St\u00fcbecker Weg 1158675 HemerTelefon 0151\/61867023tonischwingel@freenet.de Wirtschafts-Identifikationsnummer gem\u00e4\u00df \u00a7 139c Abgabenordnung: xxxxxx Disclaimer Haftungsausschluss f\u00fcr Inhalte und VerlinkungAlle Angaben und Daten wurden [&hellip;]<\/p>\n","protected":false},"author":1,"featured_media":0,"parent":0,"menu_order":0,"comment_status":"closed","ping_status":"closed","template":"","meta":{"footnotes":""},"class_list":["post-156","page","type-page","status-publish","hentry"],"_links":{"self":[{"href":"https:\/\/antoniaschwingel.de\/index.php?rest_route=\/wp\/v2\/pages\/156","targetHints":{"allow":["GET"]}}],"collection":[{"href":"https:\/\/antoniaschwingel.de\/index.php?rest_route=\/wp\/v2\/pages"}],"about":[{"href":"https:\/\/antoniaschwingel.de\/index.php?rest_route=\/wp\/v2\/types\/page"}],"author":[{"embeddable":true,"href":"https:\/\/antoniaschwingel.de\/index.php?rest_route=\/wp\/v2\/users\/1"}],"replies":[{"embeddable":true,"href":"https:\/\/antoniaschwingel.de\/index.php?rest_route=%2Fwp%2Fv2%2Fcomments&post=156"}],"version-history":[{"count":60,"href":"https:\/\/antoniaschwingel.de\/index.php?rest_route=\/wp\/v2\/pages\/156\/revisions"}],"predecessor-version":[{"id":1806,"href":"https:\/\/antoniaschwingel.de\/index.php?rest_route=\/wp\/v2\/pages\/156\/revisions\/1806"}],"wp:attachment":[{"href":"https:\/\/antoniaschwingel.de\/index.php?rest_route=%2Fwp%2Fv2%2Fmedia&parent=156"}],"curies":[{"name":"wp","href":"https:\/\/api.w.org\/{rel}","templated":true}]}}