{"id":658,"date":"2020-12-07T16:11:02","date_gmt":"2020-12-07T16:11:02","guid":{"rendered":"http:\/\/antoniaschwingel.de\/?page_id=658"},"modified":"2022-10-26T14:42:11","modified_gmt":"2022-10-26T14:42:11","slug":"test","status":"publish","type":"page","link":"https:\/\/antoniaschwingel.de\/","title":{"rendered":"home"},"content":{"rendered":"\n<figure class=\"wp-block-image alignwide size-large\"><img loading=\"lazy\" decoding=\"async\" width=\"1024\" height=\"620\" src=\"https:\/\/antoniaschwingel.de\/wp-content\/uploads\/2022\/03\/startseite_antonia.schwingel-1024x620.jpg\" alt=\"\" class=\"wp-image-1591\" srcset=\"https:\/\/antoniaschwingel.de\/wp-content\/uploads\/2022\/03\/startseite_antonia.schwingel-1024x620.jpg 1024w, https:\/\/antoniaschwingel.de\/wp-content\/uploads\/2022\/03\/startseite_antonia.schwingel-300x182.jpg 300w, https:\/\/antoniaschwingel.de\/wp-content\/uploads\/2022\/03\/startseite_antonia.schwingel-768x465.jpg 768w, https:\/\/antoniaschwingel.de\/wp-content\/uploads\/2022\/03\/startseite_antonia.schwingel.jpg 1200w\" sizes=\"auto, (max-width: 1024px) 100vw, 1024px\" \/><\/figure>\n\n\n\n<div style=\"height:100px\" aria-hidden=\"true\" class=\"wp-block-spacer\"><\/div>\n\n\n\n<h1 class=\"has-text-align-center wp-block-heading\">Herzlich Willkommen auf meiner Webseite!<\/h1>\n\n\n\n<h2 class=\"has-text-align-center wp-block-heading\">Wie sch\u00f6n, dass Du hergefunden hast.<\/h2>\n\n\n\n<div style=\"height:50px\" aria-hidden=\"true\" class=\"wp-block-spacer\"><\/div>\n\n\n\n<div class=\"wp-block-media-text alignwide is-stacked-on-mobile\" style=\"grid-template-columns:30% auto\"><figure class=\"wp-block-media-text__media\"><img loading=\"lazy\" decoding=\"async\" width=\"600\" height=\"900\" src=\"https:\/\/antoniaschwingel.de\/wp-content\/uploads\/2022\/03\/bildergalerie.antonia.schwingel.24.jpg\" alt=\"\" class=\"wp-image-1540 size-full\" srcset=\"https:\/\/antoniaschwingel.de\/wp-content\/uploads\/2022\/03\/bildergalerie.antonia.schwingel.24.jpg 600w, https:\/\/antoniaschwingel.de\/wp-content\/uploads\/2022\/03\/bildergalerie.antonia.schwingel.24-200x300.jpg 200w\" sizes=\"auto, (max-width: 600px) 100vw, 600px\" \/><\/figure><div class=\"wp-block-media-text__content\">\n<h1 class=\"wp-block-heading\">Antonia Schwingel<br>Musicaldarstellerin und S\u00e4ngerin<\/h1>\n\n\n\n<h4 class=\"wp-block-heading\">Als Kind zweier S\u00e4nger im Theater aufgewachsen, habe ich die Liebe zur B\u00fchne in die Wiege gelegt bekommen. F\u00fcr mich ist Schauspiel und Gesang kein Beruf, sondern meine Berufung. Ich liebe es, immer wieder in neue Rollen zu schl\u00fcpfen und mich selbst von den unterschiedlichsten Seiten kennenzulernen.<\/h4>\n\n\n\n<h4 class=\"wp-block-heading\"><br>Damit Du wei\u00dft, mit wem Du es zutun hast, findest Du in meiner&nbsp;<a href=\"http:\/\/antoniaschwingel.de\/?page_id=120\">Vita<\/a>&nbsp;ein paar n\u00e4here Infos zu mir.<br><br>Um etwas zu meinem&nbsp;Werdegang&nbsp;zu erfahren klicke Dich durch mein&nbsp;<a href=\"http:\/\/antoniaschwingel.de\/?page_id=93\">B\u00fchnenleben<\/a>.<br><br>Um direkt mit mir Kontakt aufzunehmen klicke einfach&nbsp;<a href=\"http:\/\/antoniaschwingel.de\/?page_id=137\">hier<\/a>.<\/h4>\n<\/div><\/div>\n\n\n\n<div style=\"height:50px\" aria-hidden=\"true\" class=\"wp-block-spacer\"><\/div>\n\n\n\n<h2 class=\"has-text-align-center wp-block-heading\">Ich freue mich darauf Dich kennenzulernen.<\/h2>\n\n\n\n<h2 class=\"has-text-align-center wp-block-heading\">Viel Spa\u00df beim Entdecken!<\/h2>\n\n\n\n<div style=\"height:100px\" aria-hidden=\"true\" class=\"wp-block-spacer\"><\/div>\n\n\n\n<div class=\"wp-block-cover alignfull is-light\"><span aria-hidden=\"true\" class=\"wp-block-cover__background has-vulcan-background-color has-background-dim\"><\/span><img loading=\"lazy\" decoding=\"async\" width=\"1024\" height=\"400\" class=\"wp-block-cover__image-background wp-image-818\" alt=\"\" src=\"http:\/\/antoniaschwingel.de\/wp-content\/uploads\/2020\/12\/antonia.schwingel.slider.home2_.jpg\" data-object-fit=\"cover\" srcset=\"https:\/\/antoniaschwingel.de\/wp-content\/uploads\/2020\/12\/antonia.schwingel.slider.home2_.jpg 1024w, https:\/\/antoniaschwingel.de\/wp-content\/uploads\/2020\/12\/antonia.schwingel.slider.home2_-300x117.jpg 300w, https:\/\/antoniaschwingel.de\/wp-content\/uploads\/2020\/12\/antonia.schwingel.slider.home2_-768x300.jpg 768w\" sizes=\"auto, (max-width: 1024px) 100vw, 1024px\" \/><div class=\"wp-block-cover__inner-container is-layout-flow wp-block-cover-is-layout-flow\">\n<div style=\"height:300px\" aria-hidden=\"true\" class=\"wp-block-spacer\"><\/div>\n\n\n\n<h2 class=\"has-text-align-center has-white-color has-text-color wp-block-heading\">Musical | Theater | Revue\/Tanz | Events: Hochzeiten\/Feiern | Regie<\/h2>\n\n\n\n<div style=\"height:20px\" aria-hidden=\"true\" class=\"wp-block-spacer\"><\/div>\n<\/div><\/div>\n\n\n\n<p><\/p>\n","protected":false},"excerpt":{"rendered":"<p>Herzlich Willkommen auf meiner Webseite! Wie sch\u00f6n, dass Du hergefunden hast. Antonia SchwingelMusicaldarstellerin und S\u00e4ngerin Als Kind zweier S\u00e4nger im Theater aufgewachsen, habe ich die [&hellip;]<\/p>\n","protected":false},"author":1,"featured_media":0,"parent":0,"menu_order":0,"comment_status":"closed","ping_status":"closed","template":"","meta":{"footnotes":""},"class_list":["post-658","page","type-page","status-publish","hentry"],"_links":{"self":[{"href":"https:\/\/antoniaschwingel.de\/index.php?rest_route=\/wp\/v2\/pages\/658","targetHints":{"allow":["GET"]}}],"collection":[{"href":"https:\/\/antoniaschwingel.de\/index.php?rest_route=\/wp\/v2\/pages"}],"about":[{"href":"https:\/\/antoniaschwingel.de\/index.php?rest_route=\/wp\/v2\/types\/page"}],"author":[{"embeddable":true,"href":"https:\/\/antoniaschwingel.de\/index.php?rest_route=\/wp\/v2\/users\/1"}],"replies":[{"embeddable":true,"href":"https:\/\/antoniaschwingel.de\/index.php?rest_route=%2Fwp%2Fv2%2Fcomments&post=658"}],"version-history":[{"count":194,"href":"https:\/\/antoniaschwingel.de\/index.php?rest_route=\/wp\/v2\/pages\/658\/revisions"}],"predecessor-version":[{"id":1730,"href":"https:\/\/antoniaschwingel.de\/index.php?rest_route=\/wp\/v2\/pages\/658\/revisions\/1730"}],"wp:attachment":[{"href":"https:\/\/antoniaschwingel.de\/index.php?rest_route=%2Fwp%2Fv2%2Fmedia&parent=658"}],"curies":[{"name":"wp","href":"https:\/\/api.w.org\/{rel}","templated":true}]}}